{"id":7559,"date":"2025-01-03T02:37:03","date_gmt":"2025-01-03T01:37:03","guid":{"rendered":"https:\/\/lumierediamonds.eu\/?post_type=product&#038;p=7559"},"modified":"2025-11-20T18:38:39","modified_gmt":"2025-11-20T17:38:39","slug":"eterna-rund-diamant-hange","status":"publish","type":"product","link":"https:\/\/lumierediamonds.eu\/sv\/produkt\/eterna-rund-diamant-hange\/","title":{"rendered":"Eterna rund diamanth\u00e4nge"},"content":{"rendered":"<p class=\"p1\">Tidl\u00f6s och oumb\u00e4rlig, den <strong>Eterna rund diamanth\u00e4nge<\/strong> har en enda rund briljant labgrown diamant i en klassisk fyrfacksfattning - utformad f\u00f6r att l\u00e5ta stenen st\u00e5 i centrum.<\/p>\n<p class=\"p1\">Den h\u00e4nger i en fin 18k guldkedja i ditt val av gult eller vitt guld och finns i caratstorlekar fr\u00e5n 0,3 ct till 3 ct. Oavsett om den b\u00e4rs ensam eller i lager p\u00e5 lager sticker den ut p\u00e5 egen hand men ger ett sofistikerat skimmer n\u00e4r den kombineras med andra smycken - vilket ger enkel elegans till b\u00e5de vardagliga stunder och speciella tillf\u00e4llen.<\/p>","protected":false},"excerpt":{"rendered":"<p class=\"p1\">Tidl\u00f6s och oumb\u00e4rlig, den <strong>Eterna rund diamanth\u00e4nge<\/strong> har en enda rund briljant labgrown diamant i en klassisk fyrfacksfattning - utformad f\u00f6r att l\u00e5ta stenen st\u00e5 i centrum.<\/p>\n<p class=\"p1\">Den h\u00e4nger i en fin 18k guldkedja i ditt val av gult eller vitt guld och finns i caratstorlekar fr\u00e5n 0,3 ct till 3 ct. Oavsett om den b\u00e4rs ensam eller i lager p\u00e5 lager sticker den ut p\u00e5 egen hand men ger ett sofistikerat skimmer n\u00e4r den kombineras med andra smycken - vilket ger enkel elegans till b\u00e5de vardagliga stunder och speciella tillf\u00e4llen.<\/p>","protected":false},"featured_media":7591,"template":"","meta":{"_acf_changed":false},"product_brand":[],"product_cat":[552,53],"product_tag":[297,298,299,296,294,295,303,302],"class_list":{"0":"post-7559","1":"product","2":"type-product","3":"status-publish","4":"has-post-thumbnail","6":"product_cat-diamond-essentials","7":"product_cat-necklaces-pendants","8":"product_tag-diamond-necklace","9":"product_tag-gold-diamond-necklace","10":"product_tag-gold-diamond-pendant","11":"product_tag-gold-necklace","12":"product_tag-necklace","13":"product_tag-pendant","14":"product_tag-solitaire-necklace","15":"product_tag-solitaire-pendant","16":"pa_metal-white-gold","17":"pa_metal-yellow-gold","19":"first","20":"instock","21":"featured","22":"taxable","23":"shipping-taxable","24":"purchasable","25":"product-type-variable"},"acf":[],"jetpack_sharing_enabled":true,"_links":{"self":[{"href":"https:\/\/lumierediamonds.eu\/sv\/wp-json\/wp\/v2\/product\/7559","targetHints":{"allow":["GET"]}}],"collection":[{"href":"https:\/\/lumierediamonds.eu\/sv\/wp-json\/wp\/v2\/product"}],"about":[{"href":"https:\/\/lumierediamonds.eu\/sv\/wp-json\/wp\/v2\/types\/product"}],"version-history":[{"count":4,"href":"https:\/\/lumierediamonds.eu\/sv\/wp-json\/wp\/v2\/product\/7559\/revisions"}],"predecessor-version":[{"id":11470,"href":"https:\/\/lumierediamonds.eu\/sv\/wp-json\/wp\/v2\/product\/7559\/revisions\/11470"}],"wp:featuredmedia":[{"embeddable":true,"href":"https:\/\/lumierediamonds.eu\/sv\/wp-json\/wp\/v2\/media\/7591"}],"wp:attachment":[{"href":"https:\/\/lumierediamonds.eu\/sv\/wp-json\/wp\/v2\/media?parent=7559"}],"wp:term":[{"taxonomy":"product_brand","embeddable":true,"href":"https:\/\/lumierediamonds.eu\/sv\/wp-json\/wp\/v2\/product_brand?post=7559"},{"taxonomy":"product_cat","embeddable":true,"href":"https:\/\/lumierediamonds.eu\/sv\/wp-json\/wp\/v2\/product_cat?post=7559"},{"taxonomy":"product_tag","embeddable":true,"href":"https:\/\/lumierediamonds.eu\/sv\/wp-json\/wp\/v2\/product_tag?post=7559"}],"curies":[{"name":"wp","href":"https:\/\/api.w.org\/{rel}","templated":true}]}}