{"id":7749,"date":"2025-01-04T12:23:24","date_gmt":"2025-01-04T11:23:24","guid":{"rendered":"https:\/\/lumierediamonds.eu\/?post_type=product&#038;p=7749"},"modified":"2025-12-10T14:12:43","modified_gmt":"2025-12-10T13:12:43","slug":"aurora-tvafargat-diamantarmband-i-form-av-gem","status":"publish","type":"product","link":"https:\/\/lumierediamonds.eu\/sv\/produkt\/aurora-tvafargat-diamantarmband-i-form-av-gem\/","title":{"rendered":"Aurora tv\u00e5f\u00e4rgat diamantarmband i form av gem"},"content":{"rendered":"<p class=\"p1\">En modern klassiker med kontrast och karakt\u00e4r.<\/p>\n<p class=\"p1\"><b><\/b>Den <strong>Aurora tv\u00e5f\u00e4rgat diamantarmband i form av gem<\/strong> ger nytt liv \u00e5t den tidl\u00f6sa tennisdesignen med en dj\u00e4rv, tv\u00e5f\u00e4rgad twist. En lysande rad av laboratorieframst\u00e4llda diamanter \u2013 totalt 1,0 karat \u2013 st\u00e5r i elegant kontrast till polerade 18 k gulguldsp\u00e4nnen, vilket skapar ett sl\u00e5ende spel av glans och struktur.<\/p>\n<p class=\"p2\">Dess silhuett i blandade metaller erbjuder enkel m\u00e5ngsidighet och passar lika bra till silverf\u00e4rgade basplagg som till guldf\u00e4rgade favoriter. Aurora har ett s\u00e4kert karbinhake-l\u00e5s och ger din smyckessamling en modern balans \u2013 elegant p\u00e5 egen hand, str\u00e5lande i kombination med andra smycken.<\/p>","protected":false},"excerpt":{"rendered":"<p class=\"p1\">En modern klassiker med kontrast och karakt\u00e4r.<\/p>\n<p class=\"p1\"><b><\/b>Den <strong>Aurora tv\u00e5f\u00e4rgat diamantarmband i form av gem<\/strong> ger nytt liv \u00e5t den tidl\u00f6sa tennisdesignen med en dj\u00e4rv, tv\u00e5f\u00e4rgad twist. En lysande rad av laboratorieframst\u00e4llda diamanter \u2013 totalt 1,0 karat \u2013 st\u00e5r i elegant kontrast till polerade 18 k gulguldsp\u00e4nnen, vilket skapar ett sl\u00e5ende spel av glans och struktur.<\/p>\n<p class=\"p2\">Dess silhuett i blandade metaller erbjuder enkel m\u00e5ngsidighet och passar lika bra till silverf\u00e4rgade basplagg som till guldf\u00e4rgade favoriter. Aurora har ett s\u00e4kert karbinhake-l\u00e5s och ger din smyckessamling en modern balans \u2013 elegant p\u00e5 egen hand, str\u00e5lande i kombination med andra smycken.<\/p>","protected":false},"featured_media":7750,"template":"","meta":{"_acf_changed":false},"product_brand":[],"product_cat":[55,1379,1336],"product_tag":[231,237,235,243],"class_list":{"0":"post-7749","1":"product","2":"type-product","3":"status-publish","4":"has-post-thumbnail","6":"product_cat-bracelets","7":"product_cat-paperclip-bracelets","8":"product_cat-tennis-bracelets","9":"product_tag-bracelet","10":"product_tag-diamond-bracelet","11":"product_tag-paperclip-bracelet","12":"product_tag-tennis-bracelet","14":"first","15":"instock","16":"featured","17":"taxable","18":"shipping-taxable","19":"purchasable","20":"product-type-simple"},"acf":[],"jetpack_sharing_enabled":true,"_links":{"self":[{"href":"https:\/\/lumierediamonds.eu\/sv\/wp-json\/wp\/v2\/product\/7749","targetHints":{"allow":["GET"]}}],"collection":[{"href":"https:\/\/lumierediamonds.eu\/sv\/wp-json\/wp\/v2\/product"}],"about":[{"href":"https:\/\/lumierediamonds.eu\/sv\/wp-json\/wp\/v2\/types\/product"}],"version-history":[{"count":4,"href":"https:\/\/lumierediamonds.eu\/sv\/wp-json\/wp\/v2\/product\/7749\/revisions"}],"predecessor-version":[{"id":11508,"href":"https:\/\/lumierediamonds.eu\/sv\/wp-json\/wp\/v2\/product\/7749\/revisions\/11508"}],"wp:featuredmedia":[{"embeddable":true,"href":"https:\/\/lumierediamonds.eu\/sv\/wp-json\/wp\/v2\/media\/7750"}],"wp:attachment":[{"href":"https:\/\/lumierediamonds.eu\/sv\/wp-json\/wp\/v2\/media?parent=7749"}],"wp:term":[{"taxonomy":"product_brand","embeddable":true,"href":"https:\/\/lumierediamonds.eu\/sv\/wp-json\/wp\/v2\/product_brand?post=7749"},{"taxonomy":"product_cat","embeddable":true,"href":"https:\/\/lumierediamonds.eu\/sv\/wp-json\/wp\/v2\/product_cat?post=7749"},{"taxonomy":"product_tag","embeddable":true,"href":"https:\/\/lumierediamonds.eu\/sv\/wp-json\/wp\/v2\/product_tag?post=7749"}],"curies":[{"name":"wp","href":"https:\/\/api.w.org\/{rel}","templated":true}]}}