{"id":7767,"date":"2025-01-04T13:08:45","date_gmt":"2025-01-04T12:08:45","guid":{"rendered":"https:\/\/lumierediamonds.eu\/?post_type=product&#038;p=7767"},"modified":"2025-12-10T14:08:46","modified_gmt":"2025-12-10T13:08:46","slug":"the-icon-diamant-tennisarmband","status":"publish","type":"product","link":"https:\/\/lumierediamonds.eu\/sv\/produkt\/the-icon-diamant-tennisarmband\/","title":{"rendered":"Icon Diamond Tennis-armbandet"},"content":{"rendered":"<p class=\"p1\">Tidl\u00f6s, men med en modern touch.<b><\/b><\/p>\n<p class=\"p3\"><strong>Icon Diamond Tennis-armbandet<\/strong> har 2 karat briljanta labbodlade diamanter, var och en infattad i en klassisk design med fyra stift f\u00f6r att reflektera ljus och f\u00f6rst\u00e4rka glittret. Den smala, flexibla strukturen i lysande 18k vitguld f\u00f6ljer naturligt din handled och ger en bekv\u00e4m passform hela dagen. Ett s\u00e4kert boxsp\u00e4nne h\u00e5ller den p\u00e5 plats och g\u00f6r den lika praktisk som den \u00e4r polerad.<\/p>\n<p class=\"p3\">Det h\u00e4r \u00e4r tennisarmbandet n\u00e4r det \u00e4r som b\u00e4st: raffinerat, str\u00e5lande och o\u00e4ndligt m\u00e5ngsidigt. B\u00e4r det solo f\u00f6r ett subtilt statement eller i lager f\u00f6r att lyfta vilken look som helst.<\/p>","protected":false},"excerpt":{"rendered":"<p class=\"p1\">Tidl\u00f6s, men med en modern touch.<b><\/b><\/p>\n<p class=\"p3\"><strong>Icon Diamond Tennis-armbandet<\/strong> har 2 karat briljanta labbodlade diamanter, var och en infattad i en klassisk design med fyra stift f\u00f6r att reflektera ljus och f\u00f6rst\u00e4rka glittret. Den smala, flexibla strukturen i lysande 18k vitguld f\u00f6ljer naturligt din handled och ger en bekv\u00e4m passform hela dagen. Ett s\u00e4kert boxsp\u00e4nne h\u00e5ller den p\u00e5 plats och g\u00f6r den lika praktisk som den \u00e4r polerad.<\/p>\n<p class=\"p3\">Det h\u00e4r \u00e4r tennisarmbandet n\u00e4r det \u00e4r som b\u00e4st: raffinerat, str\u00e5lande och o\u00e4ndligt m\u00e5ngsidigt. B\u00e4r det solo f\u00f6r ett subtilt statement eller i lager f\u00f6r att lyfta vilken look som helst.<\/p>","protected":false},"featured_media":7768,"template":"","meta":{"_acf_changed":false},"product_brand":[],"product_cat":[55,1336],"product_tag":[369,231,368,237,245,367,366,362,364,365,243,363],"class_list":{"0":"post-7767","1":"product","2":"type-product","3":"status-publish","4":"has-post-thumbnail","6":"product_cat-bracelets","7":"product_cat-tennis-bracelets","8":"product_tag-2-carat-bracelet","9":"product_tag-bracelet","10":"product_tag-classic-tennis-bracelet","11":"product_tag-diamond-bracelet","12":"product_tag-diamond-tennis-bracelet","13":"product_tag-elegant-bracelets","14":"product_tag-everyday-luxury","15":"product_tag-four-prong-bracelet","16":"product_tag-lab-grown-diamonds","17":"product_tag-minimalist-bracelet","18":"product_tag-tennis-bracelet","19":"product_tag-white-gold-bracelet","20":"pa_metal-white-gold","22":"first","23":"instock","24":"taxable","25":"shipping-taxable","26":"purchasable","27":"product-type-simple"},"acf":[],"jetpack_sharing_enabled":true,"_links":{"self":[{"href":"https:\/\/lumierediamonds.eu\/sv\/wp-json\/wp\/v2\/product\/7767","targetHints":{"allow":["GET"]}}],"collection":[{"href":"https:\/\/lumierediamonds.eu\/sv\/wp-json\/wp\/v2\/product"}],"about":[{"href":"https:\/\/lumierediamonds.eu\/sv\/wp-json\/wp\/v2\/types\/product"}],"version-history":[{"count":4,"href":"https:\/\/lumierediamonds.eu\/sv\/wp-json\/wp\/v2\/product\/7767\/revisions"}],"predecessor-version":[{"id":11530,"href":"https:\/\/lumierediamonds.eu\/sv\/wp-json\/wp\/v2\/product\/7767\/revisions\/11530"}],"wp:featuredmedia":[{"embeddable":true,"href":"https:\/\/lumierediamonds.eu\/sv\/wp-json\/wp\/v2\/media\/7768"}],"wp:attachment":[{"href":"https:\/\/lumierediamonds.eu\/sv\/wp-json\/wp\/v2\/media?parent=7767"}],"wp:term":[{"taxonomy":"product_brand","embeddable":true,"href":"https:\/\/lumierediamonds.eu\/sv\/wp-json\/wp\/v2\/product_brand?post=7767"},{"taxonomy":"product_cat","embeddable":true,"href":"https:\/\/lumierediamonds.eu\/sv\/wp-json\/wp\/v2\/product_cat?post=7767"},{"taxonomy":"product_tag","embeddable":true,"href":"https:\/\/lumierediamonds.eu\/sv\/wp-json\/wp\/v2\/product_tag?post=7767"}],"curies":[{"name":"wp","href":"https:\/\/api.w.org\/{rel}","templated":true}]}}