{"id":7774,"date":"2025-01-04T14:09:09","date_gmt":"2025-01-04T13:09:09","guid":{"rendered":"https:\/\/lumierediamonds.eu\/?post_type=product&#038;p=7774"},"modified":"2025-12-10T14:08:59","modified_gmt":"2025-12-10T13:08:59","slug":"solana-diamant-halvt-tennisarmband","status":"publish","type":"product","link":"https:\/\/lumierediamonds.eu\/sv\/produkt\/solana-diamant-halvt-tennisarmband\/","title":{"rendered":"Solana Diamond Half Tennis Armband"},"content":{"rendered":"<p class=\"p1\">Elegant skimmer, raffinerad enkelhet.<b><\/b><\/p>\n<p class=\"p3\">Den <strong>Solana Diamond Half Tennis Armband<\/strong> ger vardagen en naturlig glans. Den har en elegant, minimalistisk silhuett och \u00e4r f\u00f6rsedd med en fin rad laboratorieframst\u00e4llda diamanter infattade i 18 karats vitt eller gult guld \u2013 en modern tolkning av den klassiska tennisstilen.<\/p>\n<p class=\"p3\">Solana finns i totalvikter p\u00e5 0,5 eller 1,0 karat och ger precis r\u00e4tt glans f\u00f6r att staplas eller b\u00e4ras ensamt. En justerbar kedja s\u00e4kerst\u00e4ller en skr\u00e4ddarsydd passform, vilket g\u00f6r den b\u00e5de m\u00e5ngsidig och elegant.<\/p>","protected":false},"excerpt":{"rendered":"<p class=\"p1\">Elegant skimmer, raffinerad enkelhet.<b><\/b><\/p>\n<p class=\"p3\">Den <strong>Solana Diamond Half Tennis Armband<\/strong> ger vardagen en naturlig glans. Den har en elegant, minimalistisk silhuett och \u00e4r f\u00f6rsedd med en fin rad laboratorieframst\u00e4llda diamanter infattade i 18 karats vitt eller gult guld \u2013 en modern tolkning av den klassiska tennisstilen.<\/p>\n<p class=\"p3\">Solana finns i totalvikter p\u00e5 0,5 eller 1,0 karat och ger precis r\u00e4tt glans f\u00f6r att staplas eller b\u00e4ras ensamt. En justerbar kedja s\u00e4kerst\u00e4ller en skr\u00e4ddarsydd passform, vilket g\u00f6r den b\u00e5de m\u00e5ngsidig och elegant.<\/p>","protected":false},"featured_media":7786,"template":"","meta":{"_acf_changed":false},"product_brand":[],"product_cat":[55,1336],"product_tag":[373,231,368,237,245,367,372,366,362,370,364,365,243,363,371],"class_list":{"0":"post-7774","1":"product","2":"type-product","3":"status-publish","4":"has-post-thumbnail","6":"product_cat-bracelets","7":"product_cat-tennis-bracelets","8":"product_tag-adjustable-bracelet","9":"product_tag-bracelet","10":"product_tag-classic-tennis-bracelet","11":"product_tag-diamond-bracelet","12":"product_tag-diamond-tennis-bracelet","13":"product_tag-elegant-bracelets","14":"product_tag-elegant-jewelry","15":"product_tag-everyday-luxury","16":"product_tag-four-prong-bracelet","17":"product_tag-half-tennis-bracelet","18":"product_tag-lab-grown-diamonds","19":"product_tag-minimalist-bracelet","20":"product_tag-tennis-bracelet","21":"product_tag-white-gold-bracelet","22":"product_tag-yellow-gold-bracelet","23":"pa_metal-white-gold","24":"pa_metal-yellow-gold","26":"first","27":"instock","28":"taxable","29":"shipping-taxable","30":"purchasable","31":"product-type-variable"},"acf":[],"jetpack_sharing_enabled":true,"_links":{"self":[{"href":"https:\/\/lumierediamonds.eu\/sv\/wp-json\/wp\/v2\/product\/7774","targetHints":{"allow":["GET"]}}],"collection":[{"href":"https:\/\/lumierediamonds.eu\/sv\/wp-json\/wp\/v2\/product"}],"about":[{"href":"https:\/\/lumierediamonds.eu\/sv\/wp-json\/wp\/v2\/types\/product"}],"version-history":[{"count":4,"href":"https:\/\/lumierediamonds.eu\/sv\/wp-json\/wp\/v2\/product\/7774\/revisions"}],"predecessor-version":[{"id":10132,"href":"https:\/\/lumierediamonds.eu\/sv\/wp-json\/wp\/v2\/product\/7774\/revisions\/10132"}],"wp:featuredmedia":[{"embeddable":true,"href":"https:\/\/lumierediamonds.eu\/sv\/wp-json\/wp\/v2\/media\/7786"}],"wp:attachment":[{"href":"https:\/\/lumierediamonds.eu\/sv\/wp-json\/wp\/v2\/media?parent=7774"}],"wp:term":[{"taxonomy":"product_brand","embeddable":true,"href":"https:\/\/lumierediamonds.eu\/sv\/wp-json\/wp\/v2\/product_brand?post=7774"},{"taxonomy":"product_cat","embeddable":true,"href":"https:\/\/lumierediamonds.eu\/sv\/wp-json\/wp\/v2\/product_cat?post=7774"},{"taxonomy":"product_tag","embeddable":true,"href":"https:\/\/lumierediamonds.eu\/sv\/wp-json\/wp\/v2\/product_tag?post=7774"}],"curies":[{"name":"wp","href":"https:\/\/api.w.org\/{rel}","templated":true}]}}