{"id":8023,"date":"2025-01-08T23:49:00","date_gmt":"2025-01-08T22:49:00","guid":{"rendered":"https:\/\/lumierediamonds.eu\/?post_type=product&#038;p=8023"},"modified":"2025-01-12T19:47:11","modified_gmt":"2025-01-12T18:47:11","slug":"harmony-twist-diamantring","status":"publish","type":"product","link":"https:\/\/lumierediamonds.eu\/sv\/produkt\/harmony-twist-diamantring\/","title":{"rendered":"Harmony Twist Diamond Band"},"content":{"rendered":"<p class=\"p1\">Fira tidl\u00f6s elegans med <strong>Harmoni<\/strong><b>\u00a0Twist Diamond Eternity Ring<\/b>, en sofistikerad symbol f\u00f6r evig k\u00e4rlek. Detta uts\u00f6kta smycke har en delikat fl\u00e4tad design som kombinerar polerat guld med ett glittrande band av renaste laboratorieframst\u00e4llda diamanter som omsluter hela ringen. Oavsett om den b\u00e4rs som vigselring, jubileumsring eller i kombination med andra ringar, g\u00f6r dess moderna elegans och h\u00e5llbara hantverk den till ett perfekt tillskott till din fina smyckessamling.<\/p>","protected":false},"excerpt":{"rendered":"<p>Fira tidl\u00f6s elegans med <strong>Harmoni<\/strong><b>\u00a0Twist Diamond Eternity Ring<\/b>, en sofistikerad symbol f\u00f6r evig k\u00e4rlek. Detta uts\u00f6kta smycke har en delikat fl\u00e4tad design som kombinerar polerat guld med ett glittrande band av renaste laboratorieframst\u00e4llda diamanter som omsluter hela ringen. Oavsett om den b\u00e4rs som vigselring, jubileumsring eller i kombination med andra ringar, g\u00f6r dess moderna elegans och h\u00e5llbara hantverk den till ett perfekt tillskott till din fina smyckessamling.<\/p>","protected":false},"featured_media":8025,"template":"","meta":{"_acf_changed":false},"product_brand":[],"product_cat":[251,52,57],"product_tag":[424,433,430,432,431,429,423,426,427,435,434,428,425],"class_list":{"0":"post-8023","1":"product","2":"type-product","3":"status-publish","4":"has-post-thumbnail","6":"product_cat-eternity-bands","7":"product_cat-rings","8":"product_cat-wedding-bands","9":"product_tag-18k-white-gold-eternity-ring","10":"product_tag-elegant-anniversary-ring","11":"product_tag-lab-grown-diamond-eternity-band","12":"product_tag-minimalist-diamond-ring","13":"product_tag-modern-wedding-ring","14":"product_tag-pave-diamond-ring","15":"product_tag-petite-diamond-eternity-ring","16":"product_tag-rose-gold-diamond-band","17":"product_tag-stackable-diamond-ring","18":"product_tag-twist-eternity-ring","19":"product_tag-twist-ring","20":"product_tag-twisted-diamond-ring","21":"product_tag-yellow-gold-twist-ring","22":"pa_metal-rose-gold","23":"pa_metal-white-gold","24":"pa_metal-yellow-gold","26":"first","27":"instock","28":"featured","29":"taxable","30":"shipping-taxable","31":"purchasable","32":"product-type-variable"},"acf":[],"jetpack_sharing_enabled":true,"_links":{"self":[{"href":"https:\/\/lumierediamonds.eu\/sv\/wp-json\/wp\/v2\/product\/8023","targetHints":{"allow":["GET"]}}],"collection":[{"href":"https:\/\/lumierediamonds.eu\/sv\/wp-json\/wp\/v2\/product"}],"about":[{"href":"https:\/\/lumierediamonds.eu\/sv\/wp-json\/wp\/v2\/types\/product"}],"version-history":[{"count":1,"href":"https:\/\/lumierediamonds.eu\/sv\/wp-json\/wp\/v2\/product\/8023\/revisions"}],"predecessor-version":[{"id":8048,"href":"https:\/\/lumierediamonds.eu\/sv\/wp-json\/wp\/v2\/product\/8023\/revisions\/8048"}],"wp:featuredmedia":[{"embeddable":true,"href":"https:\/\/lumierediamonds.eu\/sv\/wp-json\/wp\/v2\/media\/8025"}],"wp:attachment":[{"href":"https:\/\/lumierediamonds.eu\/sv\/wp-json\/wp\/v2\/media?parent=8023"}],"wp:term":[{"taxonomy":"product_brand","embeddable":true,"href":"https:\/\/lumierediamonds.eu\/sv\/wp-json\/wp\/v2\/product_brand?post=8023"},{"taxonomy":"product_cat","embeddable":true,"href":"https:\/\/lumierediamonds.eu\/sv\/wp-json\/wp\/v2\/product_cat?post=8023"},{"taxonomy":"product_tag","embeddable":true,"href":"https:\/\/lumierediamonds.eu\/sv\/wp-json\/wp\/v2\/product_tag?post=8023"}],"curies":[{"name":"wp","href":"https:\/\/api.w.org\/{rel}","templated":true}]}}