{"id":8061,"date":"2025-01-09T01:15:29","date_gmt":"2025-01-09T00:15:29","guid":{"rendered":"https:\/\/lumierediamonds.eu\/?post_type=product&#038;p=8061"},"modified":"2025-01-12T19:47:54","modified_gmt":"2025-01-12T18:47:54","slug":"det-stralande-bandet-med-fem-diamanter","status":"publish","type":"product","link":"https:\/\/lumierediamonds.eu\/sv\/produkt\/det-stralande-bandet-med-fem-diamanter\/","title":{"rendered":"Den str\u00e5lande femkantiga diamantringen"},"content":{"rendered":"<p class=\"p1\">Tidl\u00f6s elegans m\u00f6ter str\u00e5lande briljans med <b>Den str\u00e5lande femkantiga diamantringen<\/b>. Med fem bl\u00e4ndande labgrodda diamanter p\u00e5 totalt 1 carat symboliserar den h\u00e4r ringen k\u00e4rlek, engagemang och evighet. Varje diamant \u00e4r infattad f\u00f6r att maximera ljusreflektionen, vilket skapar en lysande gnista fr\u00e5n alla vinklar.<\/p>\n<p class=\"p1\">Den eleganta och raffinerade banddesignen finns i 18k gulguld eller 18k vitguld och l\u00e5ter diamanterna st\u00e5 i centrum, vilket g\u00f6r den till ett perfekt smycke f\u00f6r \u00e5rsdagar, milstolpar eller vardagslyx.<\/p>\n<p class=\"p1\">Radiant Five Diamond Band \u00e4r designad f\u00f6r den moderna b\u00e4raren med en nick till klassisk sofistikering och \u00e4r en hisnande p\u00e5minnelse om att sann briljans varar f\u00f6r evigt.<\/p>","protected":false},"excerpt":{"rendered":"<p class=\"p1\">Tidl\u00f6s elegans m\u00f6ter str\u00e5lande briljans med <b>Den str\u00e5lande femkantiga diamantringen<\/b>. Med fem bl\u00e4ndande labgrodda diamanter p\u00e5 totalt 1 carat symboliserar den h\u00e4r ringen k\u00e4rlek, engagemang och evighet. Varje diamant \u00e4r infattad f\u00f6r att maximera ljusreflektionen, vilket skapar en lysande gnista fr\u00e5n alla vinklar.<\/p>\n<p class=\"p1\">Den eleganta och raffinerade banddesignen finns i 18k gulguld eller 18k vitguld och l\u00e5ter diamanterna st\u00e5 i centrum, vilket g\u00f6r den till ett perfekt smycke f\u00f6r \u00e5rsdagar, milstolpar eller vardagslyx.<\/p>\n<p class=\"p1\">Radiant Five Diamond Band \u00e4r designad f\u00f6r den moderna b\u00e4raren med en nick till klassisk sofistikering och \u00e4r en hisnande p\u00e5minnelse om att sann briljans varar f\u00f6r evigt.<\/p>","protected":false},"featured_media":8066,"template":"","meta":{"_acf_changed":false},"product_brand":[],"product_cat":[251,52,57],"product_tag":[406,452,453,410,412,451,456,447,448,256,454,450,455,445],"class_list":{"0":"post-8061","1":"product","2":"type-product","3":"status-publish","4":"has-post-thumbnail","6":"product_cat-eternity-bands","7":"product_cat-rings","8":"product_cat-wedding-bands","9":"product_tag-18k-white-gold-ring","10":"product_tag-18k-yellow-gold-ring","11":"product_tag-anniversary-band","12":"product_tag-elegant-diamond-ring","13":"product_tag-fine-jewelry-for-women","14":"product_tag-five-stone-diamond-ring","15":"product_tag-half-eternity","16":"product_tag-half-eternity-band","17":"product_tag-half-eternity-ring","18":"product_tag-lab-grown-diamond-ring","19":"product_tag-luxury-diamond-band","20":"product_tag-radiant-five-diamond-band","21":"product_tag-statement-diamond-ring","22":"product_tag-timeless-diamond-ring","23":"pa_metal-white-gold","24":"pa_metal-yellow-gold","26":"first","27":"instock","28":"featured","29":"taxable","30":"shipping-taxable","31":"purchasable","32":"product-type-variable"},"acf":[],"jetpack_sharing_enabled":true,"_links":{"self":[{"href":"https:\/\/lumierediamonds.eu\/sv\/wp-json\/wp\/v2\/product\/8061","targetHints":{"allow":["GET"]}}],"collection":[{"href":"https:\/\/lumierediamonds.eu\/sv\/wp-json\/wp\/v2\/product"}],"about":[{"href":"https:\/\/lumierediamonds.eu\/sv\/wp-json\/wp\/v2\/types\/product"}],"version-history":[{"count":1,"href":"https:\/\/lumierediamonds.eu\/sv\/wp-json\/wp\/v2\/product\/8061\/revisions"}],"predecessor-version":[{"id":8072,"href":"https:\/\/lumierediamonds.eu\/sv\/wp-json\/wp\/v2\/product\/8061\/revisions\/8072"}],"wp:featuredmedia":[{"embeddable":true,"href":"https:\/\/lumierediamonds.eu\/sv\/wp-json\/wp\/v2\/media\/8066"}],"wp:attachment":[{"href":"https:\/\/lumierediamonds.eu\/sv\/wp-json\/wp\/v2\/media?parent=8061"}],"wp:term":[{"taxonomy":"product_brand","embeddable":true,"href":"https:\/\/lumierediamonds.eu\/sv\/wp-json\/wp\/v2\/product_brand?post=8061"},{"taxonomy":"product_cat","embeddable":true,"href":"https:\/\/lumierediamonds.eu\/sv\/wp-json\/wp\/v2\/product_cat?post=8061"},{"taxonomy":"product_tag","embeddable":true,"href":"https:\/\/lumierediamonds.eu\/sv\/wp-json\/wp\/v2\/product_tag?post=8061"}],"curies":[{"name":"wp","href":"https:\/\/api.w.org\/{rel}","templated":true}]}}