{"id":8115,"date":"2025-01-09T02:52:46","date_gmt":"2025-01-09T01:52:46","guid":{"rendered":"https:\/\/lumierediamonds.eu\/?post_type=product&#038;p=8115"},"modified":"2025-11-17T14:36:09","modified_gmt":"2025-11-17T13:36:09","slug":"delikat-v-diamantband","status":"publish","type":"product","link":"https:\/\/lumierediamonds.eu\/sv\/produkt\/delikat-v-diamantband\/","title":{"rendered":"Delikat V-diamantring"},"content":{"rendered":"<p>Elegant och l\u00e4tt att b\u00e4ra, den <strong>Delikat V-diamantring<\/strong> ger en ny tolkning av en klassisk form. Den \u00e4r tillverkad i 18 karats vitguld och har en mjuk V-formad kurva med 0,2 karat runda laboratorieframst\u00e4llda diamanter som f\u00e5ngar ljuset vid varje r\u00f6relse.<\/p>\n<p>Oavsett om du b\u00e4r den som vigselring, som en del av ett ringpaket eller ensam, ger den b\u00f6jda silhuetten en mjuk och elegant detalj till din look. Enkel, glittrande och gjord f\u00f6r vardagsbruk.<\/p>","protected":false},"excerpt":{"rendered":"<p>Elegant och l\u00e4tt att b\u00e4ra, den <strong>Delikat V-diamantring<\/strong> ger en ny tolkning av en klassisk form. Den \u00e4r tillverkad i 18 karats vitguld och har en mjuk V-formad kurva med 0,2 karat runda laboratorieframst\u00e4llda diamanter som f\u00e5ngar ljuset vid varje r\u00f6relse.<\/p>\n<p>Oavsett om du b\u00e4r den som vigselring, som en del av ett ringpaket eller ensam, ger den b\u00f6jda silhuetten en mjuk och elegant detalj till din look. Enkel, glittrande och gjord f\u00f6r vardagsbruk.<\/p>","protected":false},"featured_media":8118,"template":"","meta":{"_acf_changed":false},"product_brand":[],"product_cat":[58,251,23,52,57],"product_tag":[489,491,410,412,441,432,431,488,490,492,487],"class_list":{"0":"post-8115","1":"product","2":"type-product","3":"status-publish","4":"has-post-thumbnail","6":"product_cat-casual-rings","7":"product_cat-eternity-bands","8":"product_cat-love-engagement","9":"product_cat-rings","10":"product_cat-wedding-bands","11":"product_tag-14k-white-gold-band","12":"product_tag-curved-wedding-band","13":"product_tag-elegant-diamond-ring","14":"product_tag-fine-jewelry-for-women","15":"product_tag-lab-grown-diamond-band","16":"product_tag-minimalist-diamond-ring","17":"product_tag-modern-wedding-ring","18":"product_tag-pave-set-diamond-band","19":"product_tag-stackable-diamond-band","20":"product_tag-timeless-diamond-band","21":"product_tag-v-curved-diamond-ring","22":"pa_metal-white-gold","24":"first","25":"instock","26":"taxable","27":"shipping-taxable","28":"purchasable","29":"product-type-variable"},"acf":[],"jetpack_sharing_enabled":true,"_links":{"self":[{"href":"https:\/\/lumierediamonds.eu\/sv\/wp-json\/wp\/v2\/product\/8115","targetHints":{"allow":["GET"]}}],"collection":[{"href":"https:\/\/lumierediamonds.eu\/sv\/wp-json\/wp\/v2\/product"}],"about":[{"href":"https:\/\/lumierediamonds.eu\/sv\/wp-json\/wp\/v2\/types\/product"}],"version-history":[{"count":3,"href":"https:\/\/lumierediamonds.eu\/sv\/wp-json\/wp\/v2\/product\/8115\/revisions"}],"predecessor-version":[{"id":11343,"href":"https:\/\/lumierediamonds.eu\/sv\/wp-json\/wp\/v2\/product\/8115\/revisions\/11343"}],"wp:featuredmedia":[{"embeddable":true,"href":"https:\/\/lumierediamonds.eu\/sv\/wp-json\/wp\/v2\/media\/8118"}],"wp:attachment":[{"href":"https:\/\/lumierediamonds.eu\/sv\/wp-json\/wp\/v2\/media?parent=8115"}],"wp:term":[{"taxonomy":"product_brand","embeddable":true,"href":"https:\/\/lumierediamonds.eu\/sv\/wp-json\/wp\/v2\/product_brand?post=8115"},{"taxonomy":"product_cat","embeddable":true,"href":"https:\/\/lumierediamonds.eu\/sv\/wp-json\/wp\/v2\/product_cat?post=8115"},{"taxonomy":"product_tag","embeddable":true,"href":"https:\/\/lumierediamonds.eu\/sv\/wp-json\/wp\/v2\/product_tag?post=8115"}],"curies":[{"name":"wp","href":"https:\/\/api.w.org\/{rel}","templated":true}]}}