{"id":8123,"date":"2025-01-09T10:26:40","date_gmt":"2025-01-09T09:26:40","guid":{"rendered":"https:\/\/lumierediamonds.eu\/?post_type=product&#038;p=8123"},"modified":"2025-11-17T14:36:09","modified_gmt":"2025-11-17T13:36:09","slug":"kristall-asscher-diamantband","status":"publish","type":"product","link":"https:\/\/lumierediamonds.eu\/sv\/produkt\/kristall-asscher-diamantband\/","title":{"rendered":"Cristal Asscher Cut Diamond Band"},"content":{"rendered":"<p>Snygg, elegant och full av glans, den <b>Cristal Asscher Cut Diamond Band<\/b> \u00e4r designad f\u00f6r att g\u00f6ra ett subtilt men \u00e4nd\u00e5 sl\u00e5ende intryck. Den \u00e4r f\u00f6rsedd med sex Asscher-slipade laboratorieframst\u00e4llda diamanter p\u00e5 totalt 1,25 karat, och varje sten \u00e4r handplockad f\u00f6r sin exceptionella klarhet och glans.<\/p>\n<p>Ringen \u00e4r tillverkad i 18 karats vitt, gult eller ros\u00e9guld, efter eget val, och \u00e4r omsorgsfullt utformad s\u00e5 att diamanterna endast sitter p\u00e5 ovansidan, vilket garanterar komfort hela dagen utan att kanterna trycker mot fingrarna. Oavsett om den b\u00e4rs som vigselring, jubileumspresent eller som ett tidl\u00f6st smycke i din vardagsgarderob, erbjuder Cristal en raffinerad balans mellan komfort och glans.<\/p>","protected":false},"excerpt":{"rendered":"<p>Snygg, elegant och full av glans, den <b>Cristal Asscher Cut Diamond Band<\/b> \u00e4r designad f\u00f6r att g\u00f6ra ett subtilt men \u00e4nd\u00e5 sl\u00e5ende intryck. Den \u00e4r f\u00f6rsedd med sex Asscher-slipade laboratorieframst\u00e4llda diamanter p\u00e5 totalt 1,25 karat, och varje sten \u00e4r handplockad f\u00f6r sin exceptionella klarhet och glans.<\/p>\n<p>Ringen \u00e4r tillverkad i 18 karats vitt, gult eller ros\u00e9guld, efter eget val, och \u00e4r omsorgsfullt utformad s\u00e5 att diamanterna endast sitter p\u00e5 ovansidan, vilket garanterar komfort hela dagen utan att kanterna trycker mot fingrarna. Oavsett om den b\u00e4rs som vigselring, jubileumspresent eller som ett tidl\u00f6st smycke i din vardagsgarderob, erbjuder Cristal en raffinerad balans mellan komfort och glans.<\/p>","protected":false},"featured_media":8126,"template":"","meta":{"_acf_changed":false},"product_brand":[],"product_cat":[58,251,23,52,57],"product_tag":[495,439,493,440,412,496,456,447,448,498,454,497,494,445],"class_list":{"0":"post-8123","1":"product","2":"type-product","3":"status-publish","4":"has-post-thumbnail","6":"product_cat-casual-rings","7":"product_cat-eternity-bands","8":"product_cat-love-engagement","9":"product_cat-rings","10":"product_cat-wedding-bands","11":"product_tag-18k-white-gold-band","12":"product_tag-anniversary-diamond-ring","13":"product_tag-asscher-cut-diamond-band","14":"product_tag-elegant-diamond-band","15":"product_tag-fine-jewelry-for-women","16":"product_tag-geometric-diamond-ring","17":"product_tag-half-eternity","18":"product_tag-half-eternity-band","19":"product_tag-half-eternity-ring","20":"product_tag-lab-grown-diamond-jewelry","21":"product_tag-luxury-diamond-band","22":"product_tag-modern-wedding-band","23":"product_tag-six-stone-diamond-ring","24":"product_tag-timeless-diamond-ring","25":"pa_metal-white-gold","27":"first","28":"instock","29":"taxable","30":"shipping-taxable","31":"purchasable","32":"product-type-variable"},"acf":[],"jetpack_sharing_enabled":true,"_links":{"self":[{"href":"https:\/\/lumierediamonds.eu\/sv\/wp-json\/wp\/v2\/product\/8123","targetHints":{"allow":["GET"]}}],"collection":[{"href":"https:\/\/lumierediamonds.eu\/sv\/wp-json\/wp\/v2\/product"}],"about":[{"href":"https:\/\/lumierediamonds.eu\/sv\/wp-json\/wp\/v2\/types\/product"}],"version-history":[{"count":4,"href":"https:\/\/lumierediamonds.eu\/sv\/wp-json\/wp\/v2\/product\/8123\/revisions"}],"predecessor-version":[{"id":11346,"href":"https:\/\/lumierediamonds.eu\/sv\/wp-json\/wp\/v2\/product\/8123\/revisions\/11346"}],"wp:featuredmedia":[{"embeddable":true,"href":"https:\/\/lumierediamonds.eu\/sv\/wp-json\/wp\/v2\/media\/8126"}],"wp:attachment":[{"href":"https:\/\/lumierediamonds.eu\/sv\/wp-json\/wp\/v2\/media?parent=8123"}],"wp:term":[{"taxonomy":"product_brand","embeddable":true,"href":"https:\/\/lumierediamonds.eu\/sv\/wp-json\/wp\/v2\/product_brand?post=8123"},{"taxonomy":"product_cat","embeddable":true,"href":"https:\/\/lumierediamonds.eu\/sv\/wp-json\/wp\/v2\/product_cat?post=8123"},{"taxonomy":"product_tag","embeddable":true,"href":"https:\/\/lumierediamonds.eu\/sv\/wp-json\/wp\/v2\/product_tag?post=8123"}],"curies":[{"name":"wp","href":"https:\/\/api.w.org\/{rel}","templated":true}]}}