{"id":8154,"date":"2025-01-09T12:10:57","date_gmt":"2025-01-09T11:10:57","guid":{"rendered":"https:\/\/lumierediamonds.eu\/?post_type=product&#038;p=8154"},"modified":"2025-08-18T16:27:58","modified_gmt":"2025-08-18T14:27:58","slug":"kantband","status":"publish","type":"product","link":"https:\/\/lumierediamonds.eu\/sv\/produkt\/kantband\/","title":{"rendered":"Kantband"},"content":{"rendered":"<p class=\"p1\">Sl\u00e5ende och modern, den <strong>Kantband<\/strong> definieras av sitt dj\u00e4rva pyramidmotiv, som ger textur och dimension till en tidl\u00f6s silhuett. Med sin eleganta skulpturala design f\u00e5ngar denna ring ljuset vackert och erbjuder en modern kant samtidigt som den bibeh\u00e5ller enkel sofistikering.<\/p>\n<p class=\"p1\">Edge Band \u00e4r tillverkat i 18k gult, vitt eller ros\u00e9guld samt platina och \u00e4r tillr\u00e4ckligt m\u00e5ngsidigt f\u00f6r att kunna b\u00e4ras ensamt som ett statementsmycke eller staplas med dina favoritringar f\u00f6r en distinkt lager-p\u00e5-lager-look. Minimalistiskt men \u00e4nd\u00e5 v\u00e5gat, det \u00e4r designat f\u00f6r den moderna b\u00e4raren som v\u00e4rdes\u00e4tter b\u00e5de stil och detaljer.<\/p>","protected":false},"excerpt":{"rendered":"<p class=\"p1\">Sl\u00e5ende och modern, den <strong>Kantband<\/strong> definieras av sitt dj\u00e4rva pyramidmotiv, som ger textur och dimension till en tidl\u00f6s silhuett. Med sin eleganta skulpturala design f\u00e5ngar denna ring ljuset vackert och erbjuder en modern kant samtidigt som den bibeh\u00e5ller enkel sofistikering.<\/p>\n<p class=\"p1\">Edge Band \u00e4r tillverkat i 18k gult, vitt eller ros\u00e9guld samt platina och \u00e4r tillr\u00e4ckligt m\u00e5ngsidigt f\u00f6r att kunna b\u00e4ras ensamt som ett statementsmycke eller staplas med dina favoritringar f\u00f6r en distinkt lager-p\u00e5-lager-look. Minimalistiskt men \u00e4nd\u00e5 v\u00e5gat, det \u00e4r designat f\u00f6r den moderna b\u00e4raren som v\u00e4rdes\u00e4tter b\u00e5de stil och detaljer.<\/p>","protected":false},"featured_media":8162,"template":"","meta":{"_acf_changed":false},"product_brand":[],"product_cat":[23,52,57],"product_tag":[502,495,519,520,501,497,505,503,518,522,521,523,462],"class_list":{"0":"post-8154","1":"product","2":"type-product","3":"status-publish","4":"has-post-thumbnail","6":"product_cat-love-engagement","7":"product_cat-rings","8":"product_cat-wedding-bands","9":"product_tag-18k-gold-band","10":"product_tag-18k-white-gold-band","11":"product_tag-geometric-ring","12":"product_tag-geometric-wedding-band","13":"product_tag-minimalist-wedding-ring","14":"product_tag-modern-wedding-band","15":"product_tag-platinum-wedding-band","16":"product_tag-platinum-wedding-ring","17":"product_tag-pyramid-ring","18":"product_tag-satin-gold-wedding-band","19":"product_tag-satin-wedding-band","20":"product_tag-satin-wedding-ring","21":"product_tag-timeless-wedding-band","22":"pa_metal-rose-gold","23":"pa_metal-white-gold","24":"pa_metal-yellow-gold","25":"pa_metal-platinum","27":"first","28":"instock","29":"taxable","30":"shipping-taxable","31":"purchasable","32":"product-type-variable"},"acf":[],"jetpack_sharing_enabled":true,"_links":{"self":[{"href":"https:\/\/lumierediamonds.eu\/sv\/wp-json\/wp\/v2\/product\/8154","targetHints":{"allow":["GET"]}}],"collection":[{"href":"https:\/\/lumierediamonds.eu\/sv\/wp-json\/wp\/v2\/product"}],"about":[{"href":"https:\/\/lumierediamonds.eu\/sv\/wp-json\/wp\/v2\/types\/product"}],"version-history":[{"count":3,"href":"https:\/\/lumierediamonds.eu\/sv\/wp-json\/wp\/v2\/product\/8154\/revisions"}],"predecessor-version":[{"id":10241,"href":"https:\/\/lumierediamonds.eu\/sv\/wp-json\/wp\/v2\/product\/8154\/revisions\/10241"}],"wp:featuredmedia":[{"embeddable":true,"href":"https:\/\/lumierediamonds.eu\/sv\/wp-json\/wp\/v2\/media\/8162"}],"wp:attachment":[{"href":"https:\/\/lumierediamonds.eu\/sv\/wp-json\/wp\/v2\/media?parent=8154"}],"wp:term":[{"taxonomy":"product_brand","embeddable":true,"href":"https:\/\/lumierediamonds.eu\/sv\/wp-json\/wp\/v2\/product_brand?post=8154"},{"taxonomy":"product_cat","embeddable":true,"href":"https:\/\/lumierediamonds.eu\/sv\/wp-json\/wp\/v2\/product_cat?post=8154"},{"taxonomy":"product_tag","embeddable":true,"href":"https:\/\/lumierediamonds.eu\/sv\/wp-json\/wp\/v2\/product_tag?post=8154"}],"curies":[{"name":"wp","href":"https:\/\/api.w.org\/{rel}","templated":true}]}}