{"id":8170,"date":"2025-01-11T16:04:29","date_gmt":"2025-01-11T15:04:29","guid":{"rendered":"https:\/\/lumierediamonds.eu\/?post_type=product&#038;p=8170"},"modified":"2025-11-17T14:36:10","modified_gmt":"2025-11-17T13:36:10","slug":"milan-smaragdslipad-diamant-eternityband","status":"publish","type":"product","link":"https:\/\/lumierediamonds.eu\/sv\/produkt\/milan-smaragdslipad-diamant-eternityband\/","title":{"rendered":"Milan Emerald Cut Diamond Eternity Band"},"content":{"rendered":"<p class=\"p1\">Minimalistisk men \u00e4nd\u00e5 f\u00e4ngslande, den <span class=\"s1\"><b>Milan Emerald Cut Diamond Eternity Band<\/b><\/span> omdefinierar klassisk design med modern elegans. Detta sl\u00e5ende smycke har en obruten cirkel av smaragdslipade laboratorieframst\u00e4llda diamanter, var och en infattad i en bezel f\u00f6r att framh\u00e4va deras linj\u00e4ra sk\u00f6nhet och s\u00f6ml\u00f6sa briljans.<\/p>\n<p class=\"p1\">Den eleganta infattningen, som finns i 18 karat gult, vitt eller ros\u00e9guld, skapar en flytande linje av glans \u2013 en perfekt balans mellan dj\u00e4rv glans och vardaglig komfort. Oavsett om du v\u00e4ljer Milan som en betydelsefull milstolpe, en vigselring eller ett modernt statement-smycke, tillf\u00f6r den f\u00f6rfinad enkelhet till din smyckessamling.<\/p>","protected":false},"excerpt":{"rendered":"<p class=\"p1\">Minimalistisk men \u00e4nd\u00e5 f\u00e4ngslande, den <span class=\"s1\"><b>Milan Emerald Cut Diamond Eternity Band<\/b><\/span> omdefinierar klassisk design med modern elegans. Detta sl\u00e5ende smycke har en obruten cirkel av smaragdslipade laboratorieframst\u00e4llda diamanter, var och en infattad i en bezel f\u00f6r att framh\u00e4va deras linj\u00e4ra sk\u00f6nhet och s\u00f6ml\u00f6sa briljans.<\/p>\n<p class=\"p1\">Den eleganta infattningen, som finns i 18 karat gult, vitt eller ros\u00e9guld, skapar en flytande linje av glans \u2013 en perfekt balans mellan dj\u00e4rv glans och vardaglig komfort. Oavsett om du v\u00e4ljer Milan som en betydelsefull milstolpe, en vigselring eller ett modernt statement-smycke, tillf\u00f6r den f\u00f6rfinad enkelhet till din smyckessamling.<\/p>","protected":false},"featured_media":8174,"template":"","meta":{"_acf_changed":false},"product_brand":[],"product_cat":[58,251,23,52,57],"product_tag":[495,470,413,528,529,440,527,530,412,498,512,454,463,535,497,534,533,536,537,445,538,531,532],"class_list":{"0":"post-8170","1":"product","2":"type-product","3":"status-publish","4":"has-post-thumbnail","6":"product_cat-casual-rings","7":"product_cat-eternity-bands","8":"product_cat-love-engagement","9":"product_cat-rings","10":"product_cat-wedding-bands","11":"product_tag-18k-white-gold-band","12":"product_tag-18k-yellow-gold-diamond-band","13":"product_tag-anniversary-ring","14":"product_tag-bezel-eternity-ring","15":"product_tag-diamond-eternity-band","16":"product_tag-elegant-diamond-band","17":"product_tag-emerald-diamond-ring","18":"product_tag-emerald-cut-diamonds","19":"product_tag-fine-jewelry-for-women","20":"product_tag-lab-grown-diamond-jewelry","21":"product_tag-luxe-wedding-band","22":"product_tag-luxury-diamond-band","23":"product_tag-modern-diamond-band","24":"product_tag-modern-diamond-ring","25":"product_tag-modern-wedding-band","26":"product_tag-platinum-eternity-ring","27":"product_tag-rose-gold-emerald-ring","28":"product_tag-sophisticated-jewelry","29":"product_tag-statement-eternity-band","30":"product_tag-timeless-diamond-ring","31":"product_tag-wedding-eternity-band","32":"product_tag-white-gold-eternity-ring","33":"product_tag-yellow-gold-diamond-band","34":"pa_metal-rose-gold","35":"pa_metal-white-gold","36":"pa_metal-yellow-gold","37":"pa_metal-platinum","39":"first","40":"instock","41":"taxable","42":"shipping-taxable","43":"purchasable","44":"product-type-variable"},"acf":[],"jetpack_sharing_enabled":true,"_links":{"self":[{"href":"https:\/\/lumierediamonds.eu\/sv\/wp-json\/wp\/v2\/product\/8170","targetHints":{"allow":["GET"]}}],"collection":[{"href":"https:\/\/lumierediamonds.eu\/sv\/wp-json\/wp\/v2\/product"}],"about":[{"href":"https:\/\/lumierediamonds.eu\/sv\/wp-json\/wp\/v2\/types\/product"}],"version-history":[{"count":6,"href":"https:\/\/lumierediamonds.eu\/sv\/wp-json\/wp\/v2\/product\/8170\/revisions"}],"predecessor-version":[{"id":10203,"href":"https:\/\/lumierediamonds.eu\/sv\/wp-json\/wp\/v2\/product\/8170\/revisions\/10203"}],"wp:featuredmedia":[{"embeddable":true,"href":"https:\/\/lumierediamonds.eu\/sv\/wp-json\/wp\/v2\/media\/8174"}],"wp:attachment":[{"href":"https:\/\/lumierediamonds.eu\/sv\/wp-json\/wp\/v2\/media?parent=8170"}],"wp:term":[{"taxonomy":"product_brand","embeddable":true,"href":"https:\/\/lumierediamonds.eu\/sv\/wp-json\/wp\/v2\/product_brand?post=8170"},{"taxonomy":"product_cat","embeddable":true,"href":"https:\/\/lumierediamonds.eu\/sv\/wp-json\/wp\/v2\/product_cat?post=8170"},{"taxonomy":"product_tag","embeddable":true,"href":"https:\/\/lumierediamonds.eu\/sv\/wp-json\/wp\/v2\/product_tag?post=8170"}],"curies":[{"name":"wp","href":"https:\/\/api.w.org\/{rel}","templated":true}]}}