{"id":8569,"date":"2025-06-09T01:26:49","date_gmt":"2025-06-08T23:26:49","guid":{"rendered":"https:\/\/lumierediamonds.eu\/?post_type=product&#038;p=8569"},"modified":"2025-12-10T14:09:43","modified_gmt":"2025-12-10T13:09:43","slug":"lasai-twisted-diamond-armband","status":"publish","type":"product","link":"https:\/\/lumierediamonds.eu\/sv\/produkt\/lasai-twisted-diamond-armband\/","title":{"rendered":"Lasai Twisted Diamond Armring"},"content":{"rendered":"<p class=\"p2\">Elegant design, den <strong>Lasai Twisted Diamond Armring<\/strong> p\u00e5minner om solbelyst vatten en sommardag \u2013 flytande, glittrande och stillsamt f\u00e4ngslande. Den \u00e4r tillverkad i 18 karats guld och har tv\u00e5 mjukt sammanfl\u00e4tade tr\u00e5dar: den ena \u00e4r sl\u00e4t och polerad, den andra pryds av briljanta laboratorieframst\u00e4llda diamanter.<\/p>\n<p class=\"p2\">Finns i 18 karats gult eller vitt guld, med en total vikt p\u00e5 1 karat av laboratorieframst\u00e4llda diamanter.<\/p>\n<p class=\"p2\">Delikat men \u00e4nd\u00e5 sl\u00e5ende, f\u00e5ngar den ljuset vid varje r\u00f6relse samtidigt som den erbjuder en smidig och bekv\u00e4m passform f\u00f6r vardagsbruk. Lasai ger en lugn och elegant glans till alla looks.<\/p>","protected":false},"excerpt":{"rendered":"<p class=\"p2\">Elegant design, den <strong>Lasai Twisted Diamond Armring<\/strong> p\u00e5minner om solbelyst vatten en sommardag \u2013 flytande, glittrande och stillsamt f\u00e4ngslande. Den \u00e4r tillverkad i 18 karats guld och har tv\u00e5 mjukt sammanfl\u00e4tade tr\u00e5dar: den ena \u00e4r sl\u00e4t och polerad, den andra pryds av briljanta laboratorieframst\u00e4llda diamanter.<\/p>\n<p class=\"p2\">Finns i 18 karats gult eller vitt guld, med en total vikt p\u00e5 1 karat av laboratorieframst\u00e4llda diamanter.<\/p>\n<p class=\"p2\">Delikat men \u00e4nd\u00e5 sl\u00e5ende, f\u00e5ngar den ljuset vid varje r\u00f6relse samtidigt som den erbjuder en smidig och bekv\u00e4m passform f\u00f6r vardagsbruk. Lasai ger en lugn och elegant glans till alla looks.<\/p>","protected":false},"featured_media":8567,"template":"","meta":{"_acf_changed":false},"product_brand":[],"product_cat":[1264,55],"product_tag":[579,245,588,367,559,366,589,580,567,582,558,364,583,560,365,590,472,354,587,586,578,581,584,566,585,371],"class_list":{"0":"post-8569","1":"product","2":"type-product","3":"status-publish","4":"has-post-thumbnail","6":"product_cat-bangle-bracelets","7":"product_cat-bracelets","8":"product_tag-diamond-bangle","9":"product_tag-diamond-tennis-bracelet","10":"product_tag-elegant-bracelet","11":"product_tag-elegant-bracelets","12":"product_tag-elegant-diamond-bracelet","13":"product_tag-everyday-luxury","14":"product_tag-gift-for-her","15":"product_tag-gold-bangle","16":"product_tag-lab-created-diamond-bracelet","17":"product_tag-lab-grown-diamond-bangle","18":"product_tag-lab-grown-diamond-bracelet","19":"product_tag-lab-grown-diamonds","20":"product_tag-luxury-bracelet","21":"product_tag-luxury-gold-bracelet","22":"product_tag-minimalist-bracelet","23":"product_tag-modern-diamond-bracelet","24":"product_tag-modern-diamond-jewelry","25":"product_tag-pave-diamond-bracelet","26":"product_tag-statement-bangle","27":"product_tag-sustainable-fine-jewelry","28":"product_tag-twist-bangle","29":"product_tag-twisted-bracelet","30":"product_tag-white-gold-bangle","31":"product_tag-womens-diamond-bracelet","32":"product_tag-yellow-gold-bangle","33":"product_tag-yellow-gold-bracelet","34":"pa_metal-white-gold","35":"pa_metal-yellow-gold","37":"first","38":"instock","39":"taxable","40":"shipping-taxable","41":"purchasable","42":"product-type-variable","43":"has-default-attributes"},"acf":[],"jetpack_sharing_enabled":true,"_links":{"self":[{"href":"https:\/\/lumierediamonds.eu\/sv\/wp-json\/wp\/v2\/product\/8569","targetHints":{"allow":["GET"]}}],"collection":[{"href":"https:\/\/lumierediamonds.eu\/sv\/wp-json\/wp\/v2\/product"}],"about":[{"href":"https:\/\/lumierediamonds.eu\/sv\/wp-json\/wp\/v2\/types\/product"}],"version-history":[{"count":4,"href":"https:\/\/lumierediamonds.eu\/sv\/wp-json\/wp\/v2\/product\/8569\/revisions"}],"predecessor-version":[{"id":11517,"href":"https:\/\/lumierediamonds.eu\/sv\/wp-json\/wp\/v2\/product\/8569\/revisions\/11517"}],"wp:featuredmedia":[{"embeddable":true,"href":"https:\/\/lumierediamonds.eu\/sv\/wp-json\/wp\/v2\/media\/8567"}],"wp:attachment":[{"href":"https:\/\/lumierediamonds.eu\/sv\/wp-json\/wp\/v2\/media?parent=8569"}],"wp:term":[{"taxonomy":"product_brand","embeddable":true,"href":"https:\/\/lumierediamonds.eu\/sv\/wp-json\/wp\/v2\/product_brand?post=8569"},{"taxonomy":"product_cat","embeddable":true,"href":"https:\/\/lumierediamonds.eu\/sv\/wp-json\/wp\/v2\/product_cat?post=8569"},{"taxonomy":"product_tag","embeddable":true,"href":"https:\/\/lumierediamonds.eu\/sv\/wp-json\/wp\/v2\/product_tag?post=8569"}],"curies":[{"name":"wp","href":"https:\/\/api.w.org\/{rel}","templated":true}]}}