{"id":8600,"date":"2025-06-10T00:43:05","date_gmt":"2025-06-09T22:43:05","guid":{"rendered":"https:\/\/lumierediamonds.eu\/?post_type=product&#038;p=8600"},"modified":"2025-11-25T13:12:31","modified_gmt":"2025-11-25T12:12:31","slug":"diamantarmband-med-vattenparon","status":"publish","type":"product","link":"https:\/\/lumierediamonds.eu\/sv\/produkt\/diamantarmband-med-vattenparon\/","title":{"rendered":"Aqua Pear Diamond Armband"},"content":{"rendered":"<p class=\"p1\">Mjukt lysande och knappt n\u00e4rvarande \u00e4r <strong>Aqua Pear Diamond Armband<\/strong> ger en viskning av gnista till handleden. En infattad, p\u00e4ronformad labgrown diamant glider l\u00e4ngs en fin kabelkedja i 18k guld - dess droppformade silhuett f\u00e5ngar ljuset med graci\u00f6s enkelhet.<\/p>\n<p class=\"p1\">Den \u00e4r delikat och l\u00e4tt att b\u00e4ra och passar perfekt ensam f\u00f6r en minimal look eller staplad i flera lager f\u00f6r en elegant look. Ett subtilt inslag med stillsam charm.<\/p>","protected":false},"excerpt":{"rendered":"<p class=\"p1\">Mjukt lysande och knappt n\u00e4rvarande \u00e4r <strong>Aqua Pear Diamond Armband<\/strong> ger en viskning av gnista till handleden. En infattad, p\u00e4ronformad labgrown diamant glider l\u00e4ngs en fin kabelkedja i 18k guld - dess droppformade silhuett f\u00e5ngar ljuset med graci\u00f6s enkelhet.<\/p>\n<p class=\"p1\">Den \u00e4r delikat och l\u00e4tt att b\u00e4ra och passar perfekt ensam f\u00f6r en minimal look eller staplad i flera lager f\u00f6r en elegant look. Ett subtilt inslag med stillsam charm.<\/p>","protected":false},"featured_media":8598,"template":"","meta":{"_acf_changed":false},"product_brand":[],"product_cat":[55,852],"product_tag":[599,377,603,604,572,606,597,366,607,558,364,608,583,560,605,595,602,598,593],"class_list":{"0":"post-8600","1":"product","2":"type-product","3":"status-publish","4":"has-post-thumbnail","6":"product_cat-bracelets","7":"product_cat-chain-bracelets","8":"product_tag-18k-gold","9":"product_tag-18k-yellow-gold-bracelet","10":"product_tag-bezel-set-diamond-bracelet","11":"product_tag-dainty-diamond-bracelet","12":"product_tag-designer-diamond-bracelet","13":"product_tag-elegant-womens-jewelry","14":"product_tag-evening-jewelry","15":"product_tag-everyday-luxury","16":"product_tag-gold-and-diamond-bracelet","17":"product_tag-lab-grown-diamond-bracelet","18":"product_tag-lab-grown-diamonds","19":"product_tag-lumiere-jewelry","20":"product_tag-luxury-bracelet","21":"product_tag-luxury-gold-bracelet","22":"product_tag-minimalist-fine-jewelry","23":"product_tag-modern-gold-bracelet","24":"product_tag-pear-diamond-bracelet","25":"product_tag-stackable","26":"product_tag-statement-diamond-bracelet","27":"pa_metal-yellow-gold","29":"first","30":"instock","31":"taxable","32":"shipping-taxable","33":"purchasable","34":"product-type-simple"},"acf":[],"jetpack_sharing_enabled":true,"_links":{"self":[{"href":"https:\/\/lumierediamonds.eu\/sv\/wp-json\/wp\/v2\/product\/8600","targetHints":{"allow":["GET"]}}],"collection":[{"href":"https:\/\/lumierediamonds.eu\/sv\/wp-json\/wp\/v2\/product"}],"about":[{"href":"https:\/\/lumierediamonds.eu\/sv\/wp-json\/wp\/v2\/types\/product"}],"version-history":[{"count":6,"href":"https:\/\/lumierediamonds.eu\/sv\/wp-json\/wp\/v2\/product\/8600\/revisions"}],"predecessor-version":[{"id":13713,"href":"https:\/\/lumierediamonds.eu\/sv\/wp-json\/wp\/v2\/product\/8600\/revisions\/13713"}],"wp:featuredmedia":[{"embeddable":true,"href":"https:\/\/lumierediamonds.eu\/sv\/wp-json\/wp\/v2\/media\/8598"}],"wp:attachment":[{"href":"https:\/\/lumierediamonds.eu\/sv\/wp-json\/wp\/v2\/media?parent=8600"}],"wp:term":[{"taxonomy":"product_brand","embeddable":true,"href":"https:\/\/lumierediamonds.eu\/sv\/wp-json\/wp\/v2\/product_brand?post=8600"},{"taxonomy":"product_cat","embeddable":true,"href":"https:\/\/lumierediamonds.eu\/sv\/wp-json\/wp\/v2\/product_cat?post=8600"},{"taxonomy":"product_tag","embeddable":true,"href":"https:\/\/lumierediamonds.eu\/sv\/wp-json\/wp\/v2\/product_tag?post=8600"}],"curies":[{"name":"wp","href":"https:\/\/api.w.org\/{rel}","templated":true}]}}