{"id":8618,"date":"2025-06-10T16:19:11","date_gmt":"2025-06-10T14:19:11","guid":{"rendered":"https:\/\/lumierediamonds.eu\/?post_type=product&#038;p=8618"},"modified":"2025-11-24T18:11:48","modified_gmt":"2025-11-24T17:11:48","slug":"roma-oval-diamantarmband-med-infattning-i-bezel","status":"publish","type":"product","link":"https:\/\/lumierediamonds.eu\/sv\/produkt\/roma-oval-diamantarmband-med-infattning-i-bezel\/","title":{"rendered":"Roma Oval Bezel\u2011Set Diamond Tennis Bracelet"},"content":{"rendered":"<p class=\"p1\">En design inspirerad av traditioner, omskapad f\u00f6r det moderna livet \u2013 elegant, praktisk och o\u00e4ndligt anv\u00e4ndbar.<b><\/b><\/p>\n<p class=\"p2\">Den <span class=\"s1\"><b>Roma ovalskuret tennisarmband<\/b><\/span> har en kontinuerlig rad av ovalslipade laboratorieframst\u00e4llda diamanter, var och en infattade i sl\u00e4ta infattningar f\u00f6r ett s\u00e4kert och underh\u00e5llsfritt alternativ till traditionella klorinfattningar \u2013 perfekt f\u00f6r dig med en aktiv livsstil eller som f\u00f6redrar enkel elegans.<\/p>\n<p class=\"p2\">Den diskreta designen skyddar inte bara varje diamant utan ger ocks\u00e5 en subtil vintage-charm, som lyfts fram av en ren, modern silhuett. Finns i 18 k vitt-, gult- eller ros\u00e9guld och \u00e4r f\u00f6rsedd med ett diskret l\u00e5s. <span class=\"s1\">Roma armband<\/span> ger en elegant finish oavsett om den b\u00e4rs ensam eller i lager.<\/p>","protected":false},"excerpt":{"rendered":"<p class=\"p1\">En design inspirerad av traditioner, omskapad f\u00f6r det moderna livet \u2013 elegant, praktisk och o\u00e4ndligt anv\u00e4ndbar.<b><\/b><\/p>\n<p class=\"p2\">Den <span class=\"s1\"><b>Roma ovalskuret tennisarmband<\/b><\/span> har en kontinuerlig rad av ovalslipade laboratorieframst\u00e4llda diamanter, var och en infattade i sl\u00e4ta infattningar f\u00f6r ett s\u00e4kert och underh\u00e5llsfritt alternativ till traditionella klorinfattningar \u2013 perfekt f\u00f6r dig med en aktiv livsstil eller som f\u00f6redrar enkel elegans.<\/p>\n<p class=\"p2\">Den diskreta designen skyddar inte bara varje diamant utan ger ocks\u00e5 en subtil vintage-charm, som lyfts fram av en ren, modern silhuett. Finns i 18 k vitt-, gult- eller ros\u00e9guld och \u00e4r f\u00f6rsedd med ett diskret l\u00e5s. <span class=\"s1\">Roma armband<\/span> ger en elegant finish oavsett om den b\u00e4rs ensam eller i lager.<\/p>","protected":false},"featured_media":8711,"template":"","meta":{"_acf_changed":false},"product_brand":[],"product_cat":[55],"product_tag":[653,603,656,607,654,655,590,250,657,593],"class_list":{"0":"post-8618","1":"product","2":"type-product","3":"status-publish","4":"has-post-thumbnail","6":"product_cat-bracelets","7":"product_tag-18k-gold-tennis-bracelet","8":"product_tag-bezel-set-diamond-bracelet","9":"product_tag-elegant-tennis-bracelet","10":"product_tag-gold-and-diamond-bracelet","11":"product_tag-lab-grown-diamond-tennis-bracelet","12":"product_tag-luxury-fine-jewelry","13":"product_tag-modern-diamond-bracelet","14":"product_tag-oval-diamond-bracelet","15":"product_tag-roma-collection","16":"product_tag-statement-diamond-bracelet","17":"pa_metal-rose-gold","18":"pa_metal-white-gold","19":"pa_metal-yellow-gold","21":"first","22":"instock","23":"taxable","24":"shipping-taxable","25":"purchasable","26":"product-type-variable"},"acf":[],"jetpack_sharing_enabled":true,"_links":{"self":[{"href":"https:\/\/lumierediamonds.eu\/sv\/wp-json\/wp\/v2\/product\/8618","targetHints":{"allow":["GET"]}}],"collection":[{"href":"https:\/\/lumierediamonds.eu\/sv\/wp-json\/wp\/v2\/product"}],"about":[{"href":"https:\/\/lumierediamonds.eu\/sv\/wp-json\/wp\/v2\/types\/product"}],"version-history":[{"count":7,"href":"https:\/\/lumierediamonds.eu\/sv\/wp-json\/wp\/v2\/product\/8618\/revisions"}],"predecessor-version":[{"id":11519,"href":"https:\/\/lumierediamonds.eu\/sv\/wp-json\/wp\/v2\/product\/8618\/revisions\/11519"}],"wp:featuredmedia":[{"embeddable":true,"href":"https:\/\/lumierediamonds.eu\/sv\/wp-json\/wp\/v2\/media\/8711"}],"wp:attachment":[{"href":"https:\/\/lumierediamonds.eu\/sv\/wp-json\/wp\/v2\/media?parent=8618"}],"wp:term":[{"taxonomy":"product_brand","embeddable":true,"href":"https:\/\/lumierediamonds.eu\/sv\/wp-json\/wp\/v2\/product_brand?post=8618"},{"taxonomy":"product_cat","embeddable":true,"href":"https:\/\/lumierediamonds.eu\/sv\/wp-json\/wp\/v2\/product_cat?post=8618"},{"taxonomy":"product_tag","embeddable":true,"href":"https:\/\/lumierediamonds.eu\/sv\/wp-json\/wp\/v2\/product_tag?post=8618"}],"curies":[{"name":"wp","href":"https:\/\/api.w.org\/{rel}","templated":true}]}}