{"id":8952,"date":"2025-06-17T00:28:39","date_gmt":"2025-06-16T22:28:39","guid":{"rendered":"https:\/\/lumierediamonds.eu\/product\/the-riviera-diamond-drop-earrings\/"},"modified":"2025-10-24T13:21:08","modified_gmt":"2025-10-24T11:21:08","slug":"riviera-diamantorhangen-med-droppar","status":"publish","type":"product","link":"https:\/\/lumierediamonds.eu\/sv\/produkt\/riviera-diamantorhangen-med-droppar\/","title":{"rendered":"Riviera Diamond Drop \u00d6rh\u00e4ngen"},"content":{"rendered":"<p data-start=\"106\" data-end=\"444\">Enkelt sl\u00e5ende, den<strong data-start=\"106\" data-end=\"206\"> Riviera Diamond Drop \u00d6rh\u00e4ngen <\/strong>ger en ny tolkning av klassisk elegans.<\/p>\n<p data-start=\"106\" data-end=\"444\">De \u00e4r f\u00f6rsedda med kaskadformade, klorinfattade laboratorieframst\u00e4llda diamanter som skapar en elegant linje av glans som f\u00e5ngar ljuset vid varje r\u00f6relse. De \u00e4r tillverkade i 18 karat vitguld och deras l\u00e5ngstr\u00e4ckta silhuett ger varje look ett elegant skimmer och en flytande k\u00e4nsla.<\/p>\n<p data-start=\"446\" data-end=\"579\">De \u00e4r perfekta f\u00f6r speciella tillf\u00e4llen eller eleganta kv\u00e4llar och \u00e4r ett tidl\u00f6st men samtidigt modernt plagg som utm\u00e4rker sig genom sin subtila sofistikation.<\/p>","protected":false},"excerpt":{"rendered":"<p data-start=\"106\" data-end=\"444\">Enkelt sl\u00e5ende, den<strong data-start=\"106\" data-end=\"206\"> Riviera Diamond Drop \u00d6rh\u00e4ngen <\/strong>ger en ny tolkning av klassisk elegans.<\/p>\n<p data-start=\"106\" data-end=\"444\">De \u00e4r f\u00f6rsedda med kaskadformade, klorinfattade laboratorieframst\u00e4llda diamanter som skapar en elegant linje av glans som f\u00e5ngar ljuset vid varje r\u00f6relse. De \u00e4r tillverkade i 18 karat vitguld och deras l\u00e5ngstr\u00e4ckta silhuett ger varje look ett elegant skimmer och en flytande k\u00e4nsla.<\/p>\n<p data-start=\"446\" data-end=\"579\">De \u00e4r perfekta f\u00f6r speciella tillf\u00e4llen eller eleganta kv\u00e4llar och \u00e4r ett tidl\u00f6st men samtidigt modernt plagg som utm\u00e4rker sig genom sin subtila sofistikation.<\/p>","protected":false},"featured_media":8968,"template":"","meta":{"_acf_changed":false},"product_brand":[],"product_cat":[761,54],"product_tag":[420,690,691,597,397,693,692,393],"class_list":{"0":"post-8952","1":"product","2":"type-product","3":"status-publish","4":"has-post-thumbnail","6":"product_cat-drop-earrings","7":"product_cat-earrings","8":"product_tag-bridal-earrings","9":"product_tag-diamond-drop-earrings","10":"product_tag-elegant-earrings","11":"product_tag-evening-jewelry","12":"product_tag-lab-grown-diamond-earrings","13":"product_tag-riviera-collection","14":"product_tag-tennis-drop-earrings","15":"product_tag-white-gold-earrings","16":"pa_metal-white-gold","18":"first","19":"instock","20":"taxable","21":"shipping-taxable","22":"purchasable","23":"product-type-simple"},"acf":[],"jetpack_sharing_enabled":true,"_links":{"self":[{"href":"https:\/\/lumierediamonds.eu\/sv\/wp-json\/wp\/v2\/product\/8952","targetHints":{"allow":["GET"]}}],"collection":[{"href":"https:\/\/lumierediamonds.eu\/sv\/wp-json\/wp\/v2\/product"}],"about":[{"href":"https:\/\/lumierediamonds.eu\/sv\/wp-json\/wp\/v2\/types\/product"}],"version-history":[{"count":8,"href":"https:\/\/lumierediamonds.eu\/sv\/wp-json\/wp\/v2\/product\/8952\/revisions"}],"predecessor-version":[{"id":11491,"href":"https:\/\/lumierediamonds.eu\/sv\/wp-json\/wp\/v2\/product\/8952\/revisions\/11491"}],"wp:featuredmedia":[{"embeddable":true,"href":"https:\/\/lumierediamonds.eu\/sv\/wp-json\/wp\/v2\/media\/8968"}],"wp:attachment":[{"href":"https:\/\/lumierediamonds.eu\/sv\/wp-json\/wp\/v2\/media?parent=8952"}],"wp:term":[{"taxonomy":"product_brand","embeddable":true,"href":"https:\/\/lumierediamonds.eu\/sv\/wp-json\/wp\/v2\/product_brand?post=8952"},{"taxonomy":"product_cat","embeddable":true,"href":"https:\/\/lumierediamonds.eu\/sv\/wp-json\/wp\/v2\/product_cat?post=8952"},{"taxonomy":"product_tag","embeddable":true,"href":"https:\/\/lumierediamonds.eu\/sv\/wp-json\/wp\/v2\/product_tag?post=8952"}],"curies":[{"name":"wp","href":"https:\/\/api.w.org\/{rel}","templated":true}]}}