{"id":8954,"date":"2025-06-17T00:28:40","date_gmt":"2025-06-16T22:28:40","guid":{"rendered":"https:\/\/lumierediamonds.eu\/product\/the-aria-mixed-shapes-diamond-eternity-ring\/"},"modified":"2025-10-01T16:19:01","modified_gmt":"2025-10-01T14:19:01","slug":"aria-eternitring-med-diamant-i-blandade-former","status":"publish","type":"product","link":"https:\/\/lumierediamonds.eu\/sv\/produkt\/aria-eternitring-med-diamant-i-blandade-former\/","title":{"rendered":"Aria Mixed Shapes Diamond Eternity Ring"},"content":{"rendered":"<p>Dramatisk men \u00e4nd\u00e5 raffinerad, den <b>Aria Fancy Shapes Diamond Eternity Ring<\/b> \u00e4r en sl\u00e5ende hyllning till briljans i alla former. Denna f\u00e4ngslande design har en noggrant utvald blandning av laboratorieframst\u00e4llda diamanter \u2013 p\u00e4ronformade, smaragdformade, marquiseformade, ovala och runda \u2013 var och en infattad med klor f\u00f6r att f\u00e5nga ljuset fr\u00e5n alla vinklar.<\/p>\n<p>Med sin fullst\u00e4ndiga cirkel av 3,5 karat expertiskt slipade stenar erbjuder Aria en extraordin\u00e4r blandning av struktur och symmetri. Tillverkad i polerat 18 k vitguld \u00e4r den ett dj\u00e4rvt uttryck f\u00f6r konstn\u00e4rlighet och individualitet \u2013 perfekt f\u00f6r dem som uppskattar statement-smycken med tidl\u00f6s elegans.<\/p>\n<p>Aria-ringen \u00e4r en samlares dr\u00f6m och f\u00f6renar magin hos flera olika diamantslipningar i en enda, o\u00e4ndligt glittrande ring.<\/p>","protected":false},"excerpt":{"rendered":"<p>Dramatisk men \u00e4nd\u00e5 raffinerad, den <b>Aria Fancy Shapes Diamond Eternity Ring<\/b> \u00e4r en sl\u00e5ende hyllning till briljans i alla former. Denna f\u00e4ngslande design har en noggrant utvald blandning av laboratorieframst\u00e4llda diamanter \u2013 p\u00e4ronformade, smaragdformade, marquiseformade, ovala och runda \u2013 var och en infattad med klor f\u00f6r att f\u00e5nga ljuset fr\u00e5n alla vinklar.<\/p>\n<p>Med sin fullst\u00e4ndiga cirkel av 3,5 karat expertiskt slipade stenar erbjuder Aria en extraordin\u00e4r blandning av struktur och symmetri. Tillverkad i polerat 18 k vitguld \u00e4r den ett dj\u00e4rvt uttryck f\u00f6r konstn\u00e4rlighet och individualitet \u2013 perfekt f\u00f6r dem som uppskattar statement-smycken med tidl\u00f6s elegans.<\/p>\n<p>Aria-ringen \u00e4r en samlares dr\u00f6m och f\u00f6renar magin hos flera olika diamantslipningar i en enda, o\u00e4ndligt glittrande ring.<\/p>","protected":false},"featured_media":8957,"template":"","meta":{"_acf_changed":false},"product_brand":[],"product_cat":[58,251,52],"product_tag":[252,705,679,702,700,482,704,701,537,703],"class_list":{"0":"post-8954","1":"product","2":"type-product","3":"status-publish","4":"has-post-thumbnail","6":"product_cat-casual-rings","7":"product_cat-eternity-bands","8":"product_cat-rings","9":"product_tag-eternity-ring","10":"product_tag-fine-diamond-ring","11":"product_tag-lab-grown-diamond-ring-2","12":"product_tag-luxury-wedding-band","13":"product_tag-mixed-shape-diamonds","14":"product_tag-platinum-diamond-ring","15":"product_tag-platinum-jewelry","16":"product_tag-round-emerald-pear-diamond-ring","17":"product_tag-statement-eternity-band","18":"product_tag-unique-diamond-ring","19":"pa_metal-white-gold","21":"first","22":"instock","23":"taxable","24":"shipping-taxable","25":"purchasable","26":"product-type-simple"},"acf":[],"jetpack_sharing_enabled":true,"_links":{"self":[{"href":"https:\/\/lumierediamonds.eu\/sv\/wp-json\/wp\/v2\/product\/8954","targetHints":{"allow":["GET"]}}],"collection":[{"href":"https:\/\/lumierediamonds.eu\/sv\/wp-json\/wp\/v2\/product"}],"about":[{"href":"https:\/\/lumierediamonds.eu\/sv\/wp-json\/wp\/v2\/types\/product"}],"version-history":[{"count":4,"href":"https:\/\/lumierediamonds.eu\/sv\/wp-json\/wp\/v2\/product\/8954\/revisions"}],"predecessor-version":[{"id":11345,"href":"https:\/\/lumierediamonds.eu\/sv\/wp-json\/wp\/v2\/product\/8954\/revisions\/11345"}],"wp:featuredmedia":[{"embeddable":true,"href":"https:\/\/lumierediamonds.eu\/sv\/wp-json\/wp\/v2\/media\/8957"}],"wp:attachment":[{"href":"https:\/\/lumierediamonds.eu\/sv\/wp-json\/wp\/v2\/media?parent=8954"}],"wp:term":[{"taxonomy":"product_brand","embeddable":true,"href":"https:\/\/lumierediamonds.eu\/sv\/wp-json\/wp\/v2\/product_brand?post=8954"},{"taxonomy":"product_cat","embeddable":true,"href":"https:\/\/lumierediamonds.eu\/sv\/wp-json\/wp\/v2\/product_cat?post=8954"},{"taxonomy":"product_tag","embeddable":true,"href":"https:\/\/lumierediamonds.eu\/sv\/wp-json\/wp\/v2\/product_tag?post=8954"}],"curies":[{"name":"wp","href":"https:\/\/api.w.org\/{rel}","templated":true}]}}