{"id":9169,"date":"2025-06-30T19:49:33","date_gmt":"2025-06-30T17:49:33","guid":{"rendered":"https:\/\/lumierediamonds.eu\/product\/the-dynasty-intricate-crown-diamond-ring\/"},"modified":"2025-10-01T15:50:22","modified_gmt":"2025-10-01T13:50:22","slug":"dynastins-diamantring","status":"publish","type":"product","link":"https:\/\/lumierediamonds.eu\/sv\/produkt\/dynastins-diamantring\/","title":{"rendered":"Dynasty diamantring"},"content":{"rendered":"<p>Kliv in i en annan era med<b> Dynasty diamantring<\/b>\u2014ett elegant smycke inspirerat av vintage-sk\u00f6nhet<b>.<\/b><span class=\"Apple-converted-space\">\u00a0<\/span><\/p>\n<p>Den kronformade designen och de fina detaljerna p\u00e5minner om charmen hos gammaldags smycken, medan 0,23 karat laboratorieframst\u00e4llda diamanter \u00e4r infattade i klor f\u00f6r att gl\u00e4nsa vid varje r\u00f6relse.<\/p>\n<p>Dynasty \u00e4r tillverkad i 18 karats gult, vitt eller ros\u00e9guld och kombinerar klassisk stil med modernt hantverk. Oavsett om du b\u00e4r den vid speciella tillf\u00e4llen eller f\u00f6r att ge din vardag en unik touch \u00e4r det en tidl\u00f6s ring som g\u00f6r ett best\u00e5ende intryck.<\/p>","protected":false},"excerpt":{"rendered":"<p>Kliv in i en annan era med<b> Dynasty diamantring<\/b>\u2014ett elegant smycke inspirerat av vintage-sk\u00f6nhet<b>.<\/b><\/p>\n<p>Den kronformade designen och de fina detaljerna p\u00e5minner om charmen hos gammaldags smycken, medan 0,23 karat laboratorieframst\u00e4llda diamanter \u00e4r infattade i klor f\u00f6r att gl\u00e4nsa vid varje r\u00f6relse.<\/p>\n<p>Dynasty \u00e4r tillverkad i 18 karats gult, vitt eller ros\u00e9guld och kombinerar klassisk stil med modernt hantverk. Oavsett om du b\u00e4r den vid speciella tillf\u00e4llen eller f\u00f6r att ge din vardag en unik touch \u00e4r det en tidl\u00f6s ring som g\u00f6r ett best\u00e5ende intryck.<\/p>","protected":false},"featured_media":9205,"template":"","meta":{"_acf_changed":false},"product_brand":[],"product_cat":[58,552,52],"product_tag":[680,721,725,412,727,722,679,726,724,723],"class_list":{"0":"post-9169","1":"product","2":"type-product","3":"status-publish","4":"has-post-thumbnail","6":"product_cat-casual-rings","7":"product_cat-diamond-essentials","8":"product_cat-rings","9":"product_tag-18k-gold-ring","10":"product_tag-crown-diamond-ring","11":"product_tag-detailed-gold-ring","12":"product_tag-fine-jewelry-for-women","13":"product_tag-heirloom-style-jewelry","14":"product_tag-intricate-gold-ring","15":"product_tag-lab-grown-diamond-ring-2","16":"product_tag-princess-crown-ring","17":"product_tag-regal-diamond-band","18":"product_tag-vintage-inspired-jewelry","19":"pa_metal-rose-gold","20":"pa_metal-white-gold","21":"pa_metal-yellow-gold","23":"first","24":"instock","25":"taxable","26":"shipping-taxable","27":"purchasable","28":"product-type-variable"},"acf":[],"jetpack_sharing_enabled":true,"_links":{"self":[{"href":"https:\/\/lumierediamonds.eu\/sv\/wp-json\/wp\/v2\/product\/9169","targetHints":{"allow":["GET"]}}],"collection":[{"href":"https:\/\/lumierediamonds.eu\/sv\/wp-json\/wp\/v2\/product"}],"about":[{"href":"https:\/\/lumierediamonds.eu\/sv\/wp-json\/wp\/v2\/types\/product"}],"version-history":[{"count":3,"href":"https:\/\/lumierediamonds.eu\/sv\/wp-json\/wp\/v2\/product\/9169\/revisions"}],"predecessor-version":[{"id":11342,"href":"https:\/\/lumierediamonds.eu\/sv\/wp-json\/wp\/v2\/product\/9169\/revisions\/11342"}],"wp:featuredmedia":[{"embeddable":true,"href":"https:\/\/lumierediamonds.eu\/sv\/wp-json\/wp\/v2\/media\/9205"}],"wp:attachment":[{"href":"https:\/\/lumierediamonds.eu\/sv\/wp-json\/wp\/v2\/media?parent=9169"}],"wp:term":[{"taxonomy":"product_brand","embeddable":true,"href":"https:\/\/lumierediamonds.eu\/sv\/wp-json\/wp\/v2\/product_brand?post=9169"},{"taxonomy":"product_cat","embeddable":true,"href":"https:\/\/lumierediamonds.eu\/sv\/wp-json\/wp\/v2\/product_cat?post=9169"},{"taxonomy":"product_tag","embeddable":true,"href":"https:\/\/lumierediamonds.eu\/sv\/wp-json\/wp\/v2\/product_tag?post=9169"}],"curies":[{"name":"wp","href":"https:\/\/api.w.org\/{rel}","templated":true}]}}