{"id":9797,"date":"2025-07-20T23:25:58","date_gmt":"2025-07-20T21:25:58","guid":{"rendered":"https:\/\/lumierediamonds.eu\/?post_type=product&#038;p=9797"},"modified":"2025-11-17T13:53:03","modified_gmt":"2025-11-17T12:53:03","slug":"daisy-eternity-hoop-orhangen","status":"publish","type":"product","link":"https:\/\/lumierediamonds.eu\/sv\/produkt\/daisy-eternity-hoop-orhangen\/","title":{"rendered":"Daisy Eternity hoop-\u00f6rh\u00e4ngen"},"content":{"rendered":"<p data-start=\"188\" data-end=\"511\">Dj\u00e4rv, lysande och gjord f\u00f6r att gl\u00e4nsa fr\u00e5n alla vinklar.<\/p>\n<p data-start=\"188\" data-end=\"511\">Den <strong>Daisy Hoop \u00d6rh\u00e4ngen<\/strong> \u00e4r en lysande tolkning av den klassiska diamantringen, med en rad rundbriljanta laboratorieframst\u00e4llda diamanter i en s\u00f6ml\u00f6s pav\u00e9infattning. De \u00e4r designade f\u00f6r att f\u00e5nga ljuset vid varje r\u00f6relse och erbjuder maximal glans och tidl\u00f6s charm.<\/p>\n<p data-start=\"513\" data-end=\"728\">Tillverkade i 18 karats gult eller vitt guld och tillg\u00e4ngliga i karatvikter fr\u00e5n 0,5 till 5 ct. tw., passar dessa eleganta accessoarer lika bra p\u00e5 dagen som p\u00e5 kv\u00e4llen \u2013 oavsett om du kl\u00e4r dig i jeans eller kompletterar en formell look.<\/p>","protected":false},"excerpt":{"rendered":"<p data-start=\"188\" data-end=\"511\">Dj\u00e4rv, lysande och gjord f\u00f6r att gl\u00e4nsa fr\u00e5n alla vinklar.<\/p>\n<p data-start=\"188\" data-end=\"511\">Den <strong>Daisy Hoop \u00d6rh\u00e4ngen<\/strong> \u00e4r en lysande tolkning av den klassiska diamantringen, med en rad rundbriljanta laboratorieframst\u00e4llda diamanter i en s\u00f6ml\u00f6s pav\u00e9infattning. De \u00e4r designade f\u00f6r att f\u00e5nga ljuset vid varje r\u00f6relse och erbjuder maximal glans och tidl\u00f6s charm.<\/p>\n<p data-start=\"513\" data-end=\"728\">Tillverkade i 18 karats gult eller vitt guld och tillg\u00e4ngliga i karatvikter fr\u00e5n 0,5 till 5 ct. tw., passar dessa eleganta accessoarer lika bra p\u00e5 dagen som p\u00e5 kv\u00e4llen \u2013 oavsett om du kl\u00e4r dig i jeans eller kompletterar en formell look.<\/p>","protected":false},"featured_media":9586,"template":"","meta":{"_acf_changed":false},"product_brand":[],"product_cat":[552,54,762],"product_tag":[785,783,784,790,397,786,789,787,788],"class_list":{"0":"post-9797","1":"product","2":"type-product","3":"status-publish","4":"has-post-thumbnail","6":"product_cat-diamond-essentials","7":"product_cat-earrings","8":"product_cat-hoop-earrings","9":"product_tag-18k-gold-hoops","10":"product_tag-diamond-hoop-earrings","11":"product_tag-eternity-hoop-earrings","12":"product_tag-everyday-diamond-hoops","13":"product_tag-lab-grown-diamond-earrings","14":"product_tag-luxury-diamond-jewelry","15":"product_tag-pave-set-earrings","16":"product_tag-white-gold-hoops","17":"product_tag-yellow-gold-diamond-earrings","18":"pa_metal-white-gold","19":"pa_metal-yellow-gold","21":"first","22":"instock","23":"taxable","24":"shipping-taxable","25":"purchasable","26":"product-type-variable"},"acf":[],"jetpack_sharing_enabled":true,"_links":{"self":[{"href":"https:\/\/lumierediamonds.eu\/sv\/wp-json\/wp\/v2\/product\/9797","targetHints":{"allow":["GET"]}}],"collection":[{"href":"https:\/\/lumierediamonds.eu\/sv\/wp-json\/wp\/v2\/product"}],"about":[{"href":"https:\/\/lumierediamonds.eu\/sv\/wp-json\/wp\/v2\/types\/product"}],"version-history":[{"count":3,"href":"https:\/\/lumierediamonds.eu\/sv\/wp-json\/wp\/v2\/product\/9797\/revisions"}],"predecessor-version":[{"id":9965,"href":"https:\/\/lumierediamonds.eu\/sv\/wp-json\/wp\/v2\/product\/9797\/revisions\/9965"}],"wp:featuredmedia":[{"embeddable":true,"href":"https:\/\/lumierediamonds.eu\/sv\/wp-json\/wp\/v2\/media\/9586"}],"wp:attachment":[{"href":"https:\/\/lumierediamonds.eu\/sv\/wp-json\/wp\/v2\/media?parent=9797"}],"wp:term":[{"taxonomy":"product_brand","embeddable":true,"href":"https:\/\/lumierediamonds.eu\/sv\/wp-json\/wp\/v2\/product_brand?post=9797"},{"taxonomy":"product_cat","embeddable":true,"href":"https:\/\/lumierediamonds.eu\/sv\/wp-json\/wp\/v2\/product_cat?post=9797"},{"taxonomy":"product_tag","embeddable":true,"href":"https:\/\/lumierediamonds.eu\/sv\/wp-json\/wp\/v2\/product_tag?post=9797"}],"curies":[{"name":"wp","href":"https:\/\/api.w.org\/{rel}","templated":true}]}}