{"id":9928,"date":"2025-07-21T16:24:40","date_gmt":"2025-07-21T14:24:40","guid":{"rendered":"https:\/\/lumierediamonds.eu\/?post_type=product&#038;p=9928"},"modified":"2025-08-06T10:53:34","modified_gmt":"2025-08-06T08:53:34","slug":"esme-marquise-slipad-halv-evighets-diamantband","status":"publish","type":"product","link":"https:\/\/lumierediamonds.eu\/sv\/produkt\/esme-marquise-slipad-halv-evighets-diamantband\/","title":{"rendered":"Esm\u00e9 Marquise-Cut Half Eternity Diamond Band"},"content":{"rendered":"<p>Feminint och str\u00e5lande, den <strong>Esm\u00e9 Marquise-Cut Half Eternity Diamond Band<\/strong> ger en mjuk, elegant glans till alla ringar. En delikat rad av marquise- och runda laboratorieframst\u00e4llda diamanter (0,33 ct. tw.) flyter \u00f6ver bandet i en raffinerad, halv-evig stil \u2013 och tillf\u00f6r precis r\u00e4tt m\u00e4ngd glans.<\/p>\n<p>Esm\u00e9 \u00e4r tillverkad i 18 karats gult, vitt eller ros\u00e9guld, efter eget val, och kombinerar vintageinspirerade detaljer med modern k\u00e4nsla. B\u00e4r den som ett romantiskt statement, en unik vigselring eller ett meningsfullt tillskott till dina vardagliga smycken.<\/p>","protected":false},"excerpt":{"rendered":"<p>Feminint och str\u00e5lande, den <strong>Esm\u00e9 Marquise-Cut Half Eternity Diamond Band<\/strong> ger en mjuk, elegant glans till alla ringar. En delikat rad av marquise- och runda laboratorieframst\u00e4llda diamanter (0,33 ct. tw.) flyter \u00f6ver bandet i en raffinerad, halv-evig stil \u2013 och tillf\u00f6r precis r\u00e4tt m\u00e4ngd glans.<\/p>\n<p>Esm\u00e9 \u00e4r tillverkad i 18 karats gult, vitt eller ros\u00e9guld, efter eget val, och kombinerar vintageinspirerade detaljer med modern k\u00e4nsla. B\u00e4r den som ett romantiskt statement, en unik vigselring eller ett meningsfullt tillskott till dina vardagliga smycken.<\/p>","protected":false},"featured_media":9897,"template":"","meta":{"_acf_changed":false},"product_brand":[],"product_cat":[58,552,251,52,763],"product_tag":[680,892,896,897,638,679,893,894,895],"class_list":{"0":"post-9928","1":"product","2":"type-product","3":"status-publish","4":"has-post-thumbnail","6":"product_cat-casual-rings","7":"product_cat-diamond-essentials","8":"product_cat-eternity-bands","9":"product_cat-rings","10":"product_cat-stackable-rings","11":"product_tag-18k-gold-ring","12":"product_tag-cluster-diamond-ring","13":"product_tag-elegant-gold-ring","14":"product_tag-esme-collection","15":"product_tag-fine-jewelry","16":"product_tag-lab-grown-diamond-ring-2","17":"product_tag-marquise-and-round-diamond-ring","18":"product_tag-stackable-ring","19":"product_tag-vintage-inspired-ring","20":"pa_metal-rose-gold","21":"pa_metal-white-gold","22":"pa_metal-yellow-gold","24":"first","25":"instock","26":"taxable","27":"shipping-taxable","28":"purchasable","29":"product-type-variable"},"acf":[],"jetpack_sharing_enabled":true,"_links":{"self":[{"href":"https:\/\/lumierediamonds.eu\/sv\/wp-json\/wp\/v2\/product\/9928","targetHints":{"allow":["GET"]}}],"collection":[{"href":"https:\/\/lumierediamonds.eu\/sv\/wp-json\/wp\/v2\/product"}],"about":[{"href":"https:\/\/lumierediamonds.eu\/sv\/wp-json\/wp\/v2\/types\/product"}],"version-history":[{"count":6,"href":"https:\/\/lumierediamonds.eu\/sv\/wp-json\/wp\/v2\/product\/9928\/revisions"}],"predecessor-version":[{"id":10212,"href":"https:\/\/lumierediamonds.eu\/sv\/wp-json\/wp\/v2\/product\/9928\/revisions\/10212"}],"wp:featuredmedia":[{"embeddable":true,"href":"https:\/\/lumierediamonds.eu\/sv\/wp-json\/wp\/v2\/media\/9897"}],"wp:attachment":[{"href":"https:\/\/lumierediamonds.eu\/sv\/wp-json\/wp\/v2\/media?parent=9928"}],"wp:term":[{"taxonomy":"product_brand","embeddable":true,"href":"https:\/\/lumierediamonds.eu\/sv\/wp-json\/wp\/v2\/product_brand?post=9928"},{"taxonomy":"product_cat","embeddable":true,"href":"https:\/\/lumierediamonds.eu\/sv\/wp-json\/wp\/v2\/product_cat?post=9928"},{"taxonomy":"product_tag","embeddable":true,"href":"https:\/\/lumierediamonds.eu\/sv\/wp-json\/wp\/v2\/product_tag?post=9928"}],"curies":[{"name":"wp","href":"https:\/\/api.w.org\/{rel}","templated":true}]}}